{"id":33,"date":"2025-03-24T07:42:50","date_gmt":"2025-03-24T07:42:50","guid":{"rendered":"https:\/\/mjezak.ksr.zgo.pl\/?page_id=33"},"modified":"2025-03-24T11:45:38","modified_gmt":"2025-03-24T11:45:38","slug":"home","status":"publish","type":"page","link":"https:\/\/mjezak.ksr.zgo.pl\/","title":{"rendered":"Home"},"content":{"rendered":"\t\t<div data-elementor-type=\"wp-page\" data-elementor-id=\"33\" class=\"elementor elementor-33\">\n\t\t\t\t<div class=\"elementor-element elementor-element-b8884b1 e-flex e-con-boxed e-con e-parent\" data-id=\"b8884b1\" data-element_type=\"container\" data-settings=\"{&quot;background_background&quot;:&quot;classic&quot;}\">\n\t\t\t\t\t<div class=\"e-con-inner\">\n\t\t<div class=\"elementor-element elementor-element-8d43c75 e-con-full e-flex e-con e-child\" data-id=\"8d43c75\" data-element_type=\"container\">\n\t\t\t\t<div class=\"elementor-element elementor-element-a99105d elementor-widget elementor-widget-image\" data-id=\"a99105d\" data-element_type=\"widget\" data-widget_type=\"image.default\">\n\t\t\t\t<div class=\"elementor-widget-container\">\n\t\t\t\t\t\t\t\t\t\t\t\t\t\t\t<img fetchpriority=\"high\" decoding=\"async\" width=\"947\" height=\"1024\" src=\"https:\/\/mjezak.ksr.zgo.pl\/wp-content\/uploads\/2025\/03\/orzel-2-1140x1233-1-947x1024.gif\" class=\"attachment-large size-large wp-image-41\" alt=\"\" srcset=\"https:\/\/mjezak.ksr.zgo.pl\/wp-content\/uploads\/2025\/03\/orzel-2-1140x1233-1-947x1024.gif 947w, https:\/\/mjezak.ksr.zgo.pl\/wp-content\/uploads\/2025\/03\/orzel-2-1140x1233-1-277x300.gif 277w, https:\/\/mjezak.ksr.zgo.pl\/wp-content\/uploads\/2025\/03\/orzel-2-1140x1233-1-768x831.gif 768w\" sizes=\"(max-width: 947px) 100vw, 947px\" \/>\t\t\t\t\t\t\t\t\t\t\t\t\t\t\t<\/div>\n\t\t\t\t<\/div>\n\t\t\t\t<div class=\"elementor-element elementor-element-4196fb2 elementor-widget elementor-widget-text-editor\" data-id=\"4196fb2\" data-element_type=\"widget\" data-widget_type=\"text-editor.default\">\n\t\t\t\t<div class=\"elementor-widget-container\">\n\t\t\t\t\t\t\t\t\t<p style=\"text-align: center;\">Komornik S\u0105dowy przy S\u0105dzie Rejonowym w\u00a0Lubinie<br \/><strong><span style=\"font-size: 1.2rem;\">Je\u017cak Magdalena<br \/><\/span><\/strong><\/p>\t\t\t\t\t\t\t\t<\/div>\n\t\t\t\t<\/div>\n\t\t\t\t<\/div>\n\t\t<div class=\"elementor-element elementor-element-b2d5ac2 e-con-full e-flex e-con e-child\" data-id=\"b2d5ac2\" data-element_type=\"container\">\n\t\t\t\t<div class=\"elementor-element elementor-element-b40d757 elementor-widget elementor-widget-text-editor\" data-id=\"b40d757\" data-element_type=\"widget\" data-widget_type=\"text-editor.default\">\n\t\t\t\t<div class=\"elementor-widget-container\">\n\t\t\t\t\t\t\t\t\t<p class=\"my-0\"><strong>Komornik S\u0105dowy Magdalena Je\u017cak &#8211; Profesjonalna Egzekucja w Lubinie<\/strong><\/p><p class=\"my-0\">Kancelaria Komornicza Magdaleny Je\u017cak w Lubinie to <strong>gwarancja skutecznej<\/strong> i <strong>rzetelnej egzekucji<\/strong> s\u0105dowej. \u0141\u0105czymy wieloletnie do\u015bwiadczenie z innowacyjnymi rozwi\u0105zaniami, aby zapewni\u0107 naszym klientom najwy\u017csz\u0105 <strong>jako\u015b\u0107 us\u0142ug<\/strong>.<\/p>\t\t\t\t\t\t\t\t<\/div>\n\t\t\t\t<\/div>\n\t\t\t\t<\/div>\n\t\t\t\t\t<\/div>\n\t\t\t\t<\/div>\n\t\t<div class=\"elementor-element elementor-element-b37c2df e-flex e-con-boxed e-con e-parent\" data-id=\"b37c2df\" data-element_type=\"container\">\n\t\t\t\t\t<div class=\"e-con-inner\">\n\t\t\t\t<div class=\"elementor-element elementor-element-9d30f83 elementor-widget elementor-widget-text-editor\" data-id=\"9d30f83\" data-element_type=\"widget\" data-widget_type=\"text-editor.default\">\n\t\t\t\t<div class=\"elementor-widget-container\">\n\t\t\t\t\t\t\t\t\t<h2 style=\"font-size: 1rem;\"><strong>Dlaczego warto wybra\u0107 nasz\u0105 kancelari\u0119?<\/strong><\/h2>\n&nbsp;\n<ul>\n \t<li>\n<p class=\"my-0\"><strong>Skuteczno\u015b\u0107<\/strong>: Wykorzystujemy sprawdzone metody i nowoczesne narz\u0119dzia, by zwi\u0119kszy\u0107 efektywno\u015b\u0107 post\u0119powa\u0144 egzekucyjnych.<\/p>\n<\/li>\n \t<li>\n<p class=\"my-0\"><strong>Profesjonalizm<\/strong>: Dzia\u0142amy zawsze zgodnie z obowi\u0105zuj\u0105cym prawem, gwarantuj\u0105c transparentno\u015b\u0107 i etyk\u0119 zawodow\u0105.<\/p>\n<\/li>\n \t<li>\n<p class=\"my-0\"><strong>Dost\u0119pno\u015b\u0107<\/strong>: Oferujemy przyjazn\u0105 obs\u0142ug\u0119 i \u0142atwy kontakt dla wygody naszych klient\u00f3w.<\/p>\n<\/li>\n<\/ul>\t\t\t\t\t\t\t\t<\/div>\n\t\t\t\t<\/div>\n\t\t\t\t<div class=\"elementor-element elementor-element-6a97ff2 elementor-widget-divider--view-line elementor-widget elementor-widget-divider\" data-id=\"6a97ff2\" data-element_type=\"widget\" data-widget_type=\"divider.default\">\n\t\t\t\t<div class=\"elementor-widget-container\">\n\t\t\t\t\t\t\t<div class=\"elementor-divider\">\n\t\t\t<span class=\"elementor-divider-separator\">\n\t\t\t\t\t\t<\/span>\n\t\t<\/div>\n\t\t\t\t\t\t<\/div>\n\t\t\t\t<\/div>\n\t\t\t\t\t<\/div>\n\t\t\t\t<\/div>\n\t\t<div class=\"elementor-element elementor-element-c1ce936 e-grid e-con-boxed e-con e-parent\" data-id=\"c1ce936\" data-element_type=\"container\">\n\t\t\t\t\t<div class=\"e-con-inner\">\n\t\t\t\t<div class=\"elementor-element elementor-element-15ae193 elementor-view-default elementor-position-top elementor-mobile-position-top elementor-widget elementor-widget-icon-box\" data-id=\"15ae193\" data-element_type=\"widget\" data-widget_type=\"icon-box.default\">\n\t\t\t\t<div class=\"elementor-widget-container\">\n\t\t\t\t\t\t\t<div class=\"elementor-icon-box-wrapper\">\n\n\t\t\t\t\t\t<div class=\"elementor-icon-box-icon\">\n\t\t\t\t<span  class=\"elementor-icon\">\n\t\t\t\t<svg xmlns=\"http:\/\/www.w3.org\/2000\/svg\" xmlns:xlink=\"http:\/\/www.w3.org\/1999\/xlink\" id=\"Capa_1\" x=\"0px\" y=\"0px\" viewBox=\"0 0 512 512\" style=\"enable-background:new 0 0 512 512;\" xml:space=\"preserve\"><g>\t<g>\t\t<path d=\"M256,93.297c-14.021,0-27.516,4.218-39.025,12.198c-3.402,2.359-4.262,7.05-1.921,10.478   c2.342,3.428,6.998,4.294,10.4,1.936c9.004-6.243,19.566-9.543,30.546-9.543c29.754,0,53.96,24.388,53.96,54.365   c0,29.977-24.206,54.366-53.96,54.366c-29.754,0-53.96-24.389-53.96-54.366c0-8.843,2.038-17.273,6.057-25.055   c1.906-3.692,0.482-8.241-3.182-10.161c-3.665-1.919-8.178-0.486-10.085,3.206c-5.067,9.812-7.746,20.881-7.746,32.01   C187.085,201.018,218,232.166,256,232.166s68.915-31.148,68.915-69.435C324.915,124.445,294,93.297,256,93.297z\"><\/path>\t<\/g><\/g><g>\t<g>\t\t<path d=\"M511.426,501.571l-73.804-178.665c-1.16-2.809-3.883-4.639-6.903-4.639h-73.547   c14.305-19.498,26.212-38.919,35.511-57.988c16.48-33.794,24.835-66.613,24.835-97.547C417.517,73.001,345.061,0,256,0   S94.483,73.001,94.483,162.731c0,30.934,8.355,63.754,24.835,97.547c9.298,19.069,21.205,38.491,35.511,57.988H81.282   c-3.02,0-5.744,1.831-6.903,4.639L24.087,444.651c-1.587,3.842,0.217,8.252,4.03,9.85c0.94,0.394,1.912,0.581,2.87,0.581   c2.93,0,5.711-1.746,6.906-4.641l7.176-17.372h50.906l-26.38,63.862H18.69l7.647-18.513c1.587-3.842-0.217-8.252-4.03-9.85   c-3.815-1.601-8.191,0.219-9.777,4.06L0.575,501.571c-0.961,2.325-0.705,4.981,0.683,7.075c1.386,2.095,3.72,3.354,6.22,3.354   h497.044c2.499,0,4.834-1.259,6.221-3.354C512.13,506.552,512.387,503.896,511.426,501.571z M109.439,162.731   c0-81.422,65.747-147.663,146.561-147.663S402.561,81.31,402.561,162.731c0,34.143-11.775,88.703-66.245,158.231   c-0.055,0.065-0.104,0.134-0.156,0.201c-2.782,3.547-5.672,7.132-8.681,10.757c-29.932,36.062-60.222,62.395-71.48,71.751   c-11.225-9.324-41.372-35.525-71.283-71.518c-3.084-3.711-6.042-7.38-8.889-11.01c-0.046-0.058-0.089-0.118-0.137-0.175   C121.222,251.445,109.439,196.887,109.439,162.731z M86.269,333.335h50.907l-18.568,44.948H67.702L86.269,333.335z    M129.997,496.932l46.741-113.148l133.014,113.148H129.997z M332.935,496.932L332.935,496.932l-154.352-131.3   c-1.822-1.551-4.27-2.132-6.584-1.566c-2.316,0.565-4.228,2.21-5.143,4.427l-53.057,128.438H85.795l28.296-68.502   c0.961-2.325,0.705-4.98-0.683-7.075c-1.386-2.095-3.721-3.354-6.221-3.354H51.296l10.182-24.65h62.118   c3.02,0,5.744-1.831,6.903-4.639l22.876-55.377h12.978c2.253,2.83,4.543,5.661,6.894,8.491   c38.585,46.43,76.578,76.239,78.177,77.486c1.348,1.051,2.962,1.575,4.576,1.575s3.229-0.525,4.576-1.575   c0.879-0.685,12.757-10.009,29.673-25.96h84.681c4.13,0,7.478-3.373,7.478-7.534s-3.348-7.534-7.478-7.534h-69.269   c10.368-10.503,21.7-22.749,33.093-36.457c2.351-2.83,4.642-5.66,6.894-8.491h80.083l18.567,44.948h-39.457   c-4.13,0-7.478,3.373-7.478,7.534s3.347,7.534,7.478,7.534h45.681l10.182,24.65h-154.07c-3.121,0-5.913,1.952-7.006,4.898   c-1.091,2.946-0.253,6.265,2.104,8.326l75.133,65.707H332.935z M399.681,496.932l-73.024-63.862H466.93l26.381,63.862H399.681z\"><\/path>\t<\/g><\/g><g><\/g><g><\/g><g><\/g><g><\/g><g><\/g><g><\/g><g><\/g><g><\/g><g><\/g><g><\/g><g><\/g><g><\/g><g><\/g><g><\/g><g><\/g><\/svg>\t\t\t\t<\/span>\n\t\t\t<\/div>\n\t\t\t\n\t\t\t\t\t\t<div class=\"elementor-icon-box-content\">\n\n\t\t\t\t\n\t\t\t\t\t\t\t\t\t<p class=\"elementor-icon-box-description\">\n\t\t\t\t\t\tKancelaria Komornicza nr VI w Lubinie<br \/>ul. Odrodzenia 33 B<br \/>\n59-300 Lubin\t\t\t\t\t<\/p>\n\t\t\t\t\n\t\t\t<\/div>\n\t\t\t\n\t\t<\/div>\n\t\t\t\t\t\t<\/div>\n\t\t\t\t<\/div>\n\t\t\t\t<div class=\"elementor-element elementor-element-fafac44 elementor-view-default elementor-position-top elementor-mobile-position-top elementor-widget elementor-widget-icon-box\" data-id=\"fafac44\" data-element_type=\"widget\" data-widget_type=\"icon-box.default\">\n\t\t\t\t<div class=\"elementor-widget-container\">\n\t\t\t\t\t\t\t<div class=\"elementor-icon-box-wrapper\">\n\n\t\t\t\t\t\t<div class=\"elementor-icon-box-icon\">\n\t\t\t\t<span  class=\"elementor-icon\">\n\t\t\t\t<svg xmlns=\"http:\/\/www.w3.org\/2000\/svg\" xmlns:svg=\"http:\/\/www.w3.org\/2000\/svg\" id=\"svg9\" viewBox=\"0 0 682.7 682.7\"><defs><style>      .st0 {        fill: none;        stroke: #dc143c;        stroke-linecap: round;        stroke-linejoin: round;        stroke-width: 20px;      }    <\/style><\/defs><g id=\"g15\"><g id=\"g17\"><g id=\"g19\"><g id=\"g25\"><path id=\"path27\" class=\"st0\" d=\"M287.2,115.1h-41.5c-8.3,0-15,6.7-15,15v250.3c0,8.3,6.7,15,15,15h412.1c8.3,0,15-6.7,15-15v-250.3c0-8.3-6.7-15-15-15h-323.9\"><\/path><\/g><g id=\"g29\"><path id=\"path31\" class=\"st0\" d=\"M235.9,118.7l202.8,141.3c7.8,5.4,18.2,5.4,26,0l202.8-141.3\"><\/path><\/g><g id=\"g33\"><path id=\"path35\" class=\"st0\" d=\"M550.4,310.1l-78.8-54.9\"><\/path><\/g><g id=\"g37\"><path id=\"path39\" class=\"st0\" d=\"M667.5,391.6l-78.8-54.9\"><\/path><\/g><g id=\"g41\"><path id=\"path43\" class=\"st0\" d=\"M431.8,255.2l-195.9,136.5\"><\/path><\/g><g id=\"g45\"><path id=\"path47\" class=\"st0\" d=\"M406.3,596.4c15.7-8.1,30.3-18.7,43.2-31.6,17.4-17.4,17.4-45.7,0-63.2l-56.2-56.2c-14.9-14.8-39.4-13.1-52.1,3.6l-26.4,34.9c-12.2,16.1-34.3,21.6-52.2,12.3-.5-.3-1-.6-1.6-.9-54.2-31.2-99.2-76.3-130.4-130.4-.3-.5-.6-1-.9-1.6-9.4-17.9-3.9-40,12.3-52.2l34.9-26.4c16.8-12.7,18.5-37.2,3.6-52.1l-56.2-56.2c-17.4-17.4-45.7-17.4-63.2,0C19.7,217.9,1.8,277.4,13.5,334.9h0c28.4,139.9,137.8,249.2,277.6,277.6h0c22.7,4.6,45.7,4.6,67.7.4\"><\/path><\/g><\/g><\/g><\/g><\/svg>\t\t\t\t<\/span>\n\t\t\t<\/div>\n\t\t\t\n\t\t\t\t\t\t<div class=\"elementor-icon-box-content\">\n\n\t\t\t\t\n\t\t\t\t\t\t\t\t\t<p class=\"elementor-icon-box-description\">\n\t\t\t\t\t\ttel. 76 817 18 04 <br \/>\ne-mail: adres@e-mail.pl\t\t\t\t\t<\/p>\n\t\t\t\t\n\t\t\t<\/div>\n\t\t\t\n\t\t<\/div>\n\t\t\t\t\t\t<\/div>\n\t\t\t\t<\/div>\n\t\t\t\t<div class=\"elementor-element elementor-element-e41976f elementor-view-default elementor-position-top elementor-mobile-position-top elementor-widget elementor-widget-icon-box\" data-id=\"e41976f\" data-element_type=\"widget\" data-widget_type=\"icon-box.default\">\n\t\t\t\t<div class=\"elementor-widget-container\">\n\t\t\t\t\t\t\t<div class=\"elementor-icon-box-wrapper\">\n\n\t\t\t\t\t\t<div class=\"elementor-icon-box-icon\">\n\t\t\t\t<span  class=\"elementor-icon\">\n\t\t\t\t<svg xmlns=\"http:\/\/www.w3.org\/2000\/svg\" id=\"Capa_1\" height=\"512\" viewBox=\"0 0 512 512\" width=\"512\"><g><path d=\"m256 103.164c4.143 0 7.5-3.358 7.5-7.5v-9.456c0-4.142-3.357-7.5-7.5-7.5s-7.5 3.358-7.5 7.5v9.456c0 4.142 3.358 7.5 7.5 7.5z\"><\/path><path d=\"m369.375 150.125c1.919 0 3.839-.732 5.303-2.196l6.687-6.686c2.93-2.929 2.93-7.678.001-10.607-2.929-2.928-7.678-2.929-10.606 0l-6.687 6.686c-2.93 2.929-2.93 7.678-.001 10.607 1.464 1.464 3.383 2.196 5.303 2.196z\"><\/path><path d=\"m425.792 263.5c4.143 0 7.5-3.358 7.5-7.5s-3.357-7.5-7.5-7.5h-9.455c-4.143 0-7.5 3.358-7.5 7.5s3.357 7.5 7.5 7.5z\"><\/path><path d=\"m364.073 374.679 6.687 6.686c1.465 1.464 3.384 2.196 5.303 2.196s3.839-.732 5.304-2.197c2.929-2.929 2.929-7.678-.001-10.606l-6.687-6.686c-2.93-2.928-7.677-2.929-10.606.001-2.93 2.928-2.93 7.677 0 10.606z\"><\/path><path d=\"m248.5 416.336v9.456c0 4.143 3.357 7.5 7.5 7.5s7.5-3.357 7.5-7.5v-9.456c0-4.143-3.357-7.5-7.5-7.5s-7.5 3.358-7.5 7.5z\"><\/path><path d=\"m130.636 381.365c1.465 1.464 3.385 2.196 5.304 2.196s3.839-.732 5.304-2.196l6.686-6.686c2.929-2.93 2.929-7.678 0-10.607-2.93-2.928-7.678-2.928-10.607 0l-6.686 6.686c-2.93 2.929-2.93 7.677-.001 10.607z\"><\/path><path d=\"m95.664 263.5c4.143 0 7.5-3.358 7.5-7.5s-3.357-7.5-7.5-7.5h-9.456c-4.143 0-7.5 3.358-7.5 7.5s3.357 7.5 7.5 7.5z\"><\/path><path d=\"m137.322 147.928c1.465 1.464 3.384 2.197 5.304 2.197 1.919 0 3.839-.732 5.303-2.196 2.93-2.929 2.93-7.678.001-10.607l-6.686-6.686c-2.929-2.928-7.678-2.929-10.606 0-2.93 2.929-2.93 7.678-.001 10.607z\"><\/path><path d=\"m248.5 232.079c-7.801 2.451-13.969 8.62-16.42 16.421h-56.718c-4.143 0-7.5 3.358-7.5 7.5s3.357 7.5 7.5 7.5h56.719c3.196 10.17 12.71 17.567 23.92 17.567 6.21 0 11.896-2.275 16.279-6.028l77.598 48.577c3.519 2.202 8.143 1.126 10.337-2.378 2.197-3.511 1.133-8.139-2.378-10.337l-77.58-48.566c.529-2.025.813-4.147.813-6.335 0-11.211-7.398-20.725-17.568-23.921v-96.14c0-4.142-3.357-7.5-7.5-7.5s-7.5 3.358-7.5 7.5v96.14zm7.5 33.989c-5.551 0-10.067-4.517-10.067-10.068s4.517-10.068 10.067-10.068c5.552 0 10.068 4.517 10.068 10.068s-4.516 10.068-10.068 10.068z\"><\/path><path d=\"m57.5 340.298c-4.143 0-7.5 3.357-7.5 7.5v81.25c0 18.17 14.782 32.952 32.952 32.952h346.097c18.169 0 32.951-14.782 32.951-32.952v-346.096c0-18.17-14.782-32.952-32.951-32.952h-346.097c-18.17 0-32.952 14.782-32.952 32.952v234.859c0 4.143 3.357 7.5 7.5 7.5s7.5-3.357 7.5-7.5v-234.859c0-9.899 8.054-17.952 17.952-17.952h346.097c9.899 0 17.951 8.053 17.951 17.952v346.096c0 9.898-8.053 17.952-17.951 17.952h-346.097c-9.898 0-17.952-8.053-17.952-17.952v-81.25c0-4.142-3.357-7.5-7.5-7.5z\"><\/path><path d=\"m357.725 497h-274.773c-37.468 0-67.952-30.483-67.952-67.952v-346.096c0-37.469 30.484-67.952 67.952-67.952h37.993c4.143 0 7.5-3.358 7.5-7.5s-3.357-7.5-7.5-7.5h-37.993c-45.74 0-82.952 37.212-82.952 82.952v346.096c0 45.741 37.212 82.952 82.952 82.952h274.772c4.143 0 7.5-3.357 7.5-7.5s-3.357-7.5-7.499-7.5z\"><\/path><path d=\"m429.048 0h-278.115c-4.143 0-7.5 3.358-7.5 7.5s3.357 7.5 7.5 7.5h278.115c37.469 0 67.952 30.483 67.952 67.952v346.096c0 37.469-30.483 67.952-67.952 67.952h-41.336c-4.143 0-7.5 3.357-7.5 7.5s3.357 7.5 7.5 7.5h41.336c45.74 0 82.952-37.212 82.952-82.952v-346.096c0-45.74-37.212-82.952-82.952-82.952z\"><\/path><\/g><\/svg>\t\t\t\t<\/span>\n\t\t\t<\/div>\n\t\t\t\n\t\t\t\t\t\t<div class=\"elementor-icon-box-content\">\n\n\t\t\t\t\n\t\t\t\t\t\t\t\t\t<p class=\"elementor-icon-box-description\">\n\t\t\t\t\t\tponiedzia\u0142ek - czwartek  07:30 - 15:00<br \/>\nPrzyj\u0119cia interesant\u00f3w odbywaj\u0105 si\u0119 <br \/> w \u015brody w godzinach 10:00 - 15:00\t\t\t\t\t<\/p>\n\t\t\t\t\n\t\t\t<\/div>\n\t\t\t\n\t\t<\/div>\n\t\t\t\t\t\t<\/div>\n\t\t\t\t<\/div>\n\t\t\t\t\t<\/div>\n\t\t\t\t<\/div>\n\t\t<div class=\"elementor-element elementor-element-7133a6a e-flex e-con-boxed e-con e-parent\" data-id=\"7133a6a\" data-element_type=\"container\">\n\t\t\t\t\t<div class=\"e-con-inner\">\n\t\t\t\t<div class=\"elementor-element elementor-element-5476e96 elementor-widget-divider--view-line elementor-widget elementor-widget-divider\" data-id=\"5476e96\" data-element_type=\"widget\" data-widget_type=\"divider.default\">\n\t\t\t\t<div class=\"elementor-widget-container\">\n\t\t\t\t\t\t\t<div class=\"elementor-divider\">\n\t\t\t<span class=\"elementor-divider-separator\">\n\t\t\t\t\t\t<\/span>\n\t\t<\/div>\n\t\t\t\t\t\t<\/div>\n\t\t\t\t<\/div>\n\t\t\t\t\t<\/div>\n\t\t\t\t<\/div>\n\t\t<div class=\"elementor-element elementor-element-1251e27 e-flex e-con-boxed e-con e-parent\" data-id=\"1251e27\" data-element_type=\"container\">\n\t\t\t\t\t<div class=\"e-con-inner\">\n\t\t\t\t<div class=\"elementor-element elementor-element-0979601 elementor-widget elementor-widget-text-editor\" data-id=\"0979601\" data-element_type=\"widget\" data-widget_type=\"text-editor.default\">\n\t\t\t\t<div class=\"elementor-widget-container\">\n\t\t\t\t\t\t\t\t\t<h2 style=\"font-size: 1rem;\"><strong>Nasze us\u0142ugi:<\/strong><\/h2><div><strong>\u00a0<\/strong><\/div><p>Egzekucja nale\u017cno\u015bci pieni\u0119\u017cnych <br \/>Egzekucja \u015bwiadcze\u0144 niepieni\u0119\u017cnych<br \/>Zabezpieczenie roszcze\u0144<br \/>Sporz\u0105dzanie protoko\u0142\u00f3w stanu faktycznego.<\/p><p class=\"my-0\">Potrzebujesz pomocy w odzyskaniu nale\u017cnych \u015brodk\u00f3w? Skontaktuj si\u0119 z Kancelari\u0105 Komornicz\u0105 Magdaleny Je\u017cak w Lubinie. Zapewniamy szybk\u0105 i sprawiedliw\u0105 realizacj\u0119 Twoich praw.<\/p>\t\t\t\t\t\t\t\t<\/div>\n\t\t\t\t<\/div>\n\t\t\t\t\t<\/div>\n\t\t\t\t<\/div>\n\t\t\t\t<\/div>\n\t\t","protected":false},"excerpt":{"rendered":"<p>Komornik S\u0105dowy przy S\u0105dzie Rejonowym w\u00a0LubinieJe\u017cak Magdalena Komornik S\u0105dowy Magdalena Je\u017cak &#8211; Profesjonalna Egzekucja w Lubinie Kancelaria Komornicza Magdaleny Je\u017cak w Lubinie to gwarancja skutecznej i rzetelnej egzekucji s\u0105dowej. \u0141\u0105czymy wieloletnie do\u015bwiadczenie z innowacyjnymi rozwi\u0105zaniami, aby zapewni\u0107 naszym klientom najwy\u017csz\u0105 jako\u015b\u0107 us\u0142ug. Dlaczego warto wybra\u0107 nasz\u0105 kancelari\u0119? &nbsp; Skuteczno\u015b\u0107: Wykorzystujemy sprawdzone metody i nowoczesne narz\u0119dzia, by zwi\u0119kszy\u0107 efektywno\u015b\u0107 post\u0119powa\u0144 egzekucyjnych. Profesjonalizm: Dzia\u0142amy zawsze zgodnie z obowi\u0105zuj\u0105cym prawem, gwarantuj\u0105c transparentno\u015b\u0107 i etyk\u0119 zawodow\u0105. Dost\u0119pno\u015b\u0107: Oferujemy przyjazn\u0105 obs\u0142ug\u0119 i \u0142atwy kontakt dla wygody naszych klient\u00f3w. Kancelaria Komornicza nr VI w Lubinieul. Odrodzenia 33 B 59-300 Lubin tel. 76 817 18 04 e-mail: adres@e-mail.pl poniedzia\u0142ek &#8211; czwartek 07:30 &#8211; 15:00 Przyj\u0119cia interesant\u00f3w odbywaj\u0105 si\u0119 w \u015brody w godzinach 10:00 &#8211; 15:00 Nasze us\u0142ugi: \u00a0 Egzekucja nale\u017cno\u015bci pieni\u0119\u017cnych Egzekucja \u015bwiadcze\u0144 niepieni\u0119\u017cnychZabezpieczenie roszcze\u0144Sporz\u0105dzanie protoko\u0142\u00f3w stanu faktycznego. Potrzebujesz pomocy w odzyskaniu nale\u017cnych \u015brodk\u00f3w? Skontaktuj si\u0119 z Kancelari\u0105 Komornicz\u0105 Magdaleny Je\u017cak w Lubinie. Zapewniamy szybk\u0105 i sprawiedliw\u0105 realizacj\u0119 Twoich praw.<\/p>\n","protected":false},"author":1,"featured_media":0,"parent":0,"menu_order":0,"comment_status":"closed","ping_status":"closed","template":"elementor_header_footer","meta":{"footnotes":""},"class_list":["post-33","page","type-page","status-publish","hentry"],"_links":{"self":[{"href":"https:\/\/mjezak.ksr.zgo.pl\/index.php\/wp-json\/wp\/v2\/pages\/33","targetHints":{"allow":["GET"]}}],"collection":[{"href":"https:\/\/mjezak.ksr.zgo.pl\/index.php\/wp-json\/wp\/v2\/pages"}],"about":[{"href":"https:\/\/mjezak.ksr.zgo.pl\/index.php\/wp-json\/wp\/v2\/types\/page"}],"author":[{"embeddable":true,"href":"https:\/\/mjezak.ksr.zgo.pl\/index.php\/wp-json\/wp\/v2\/users\/1"}],"replies":[{"embeddable":true,"href":"https:\/\/mjezak.ksr.zgo.pl\/index.php\/wp-json\/wp\/v2\/comments?post=33"}],"version-history":[{"count":25,"href":"https:\/\/mjezak.ksr.zgo.pl\/index.php\/wp-json\/wp\/v2\/pages\/33\/revisions"}],"predecessor-version":[{"id":155,"href":"https:\/\/mjezak.ksr.zgo.pl\/index.php\/wp-json\/wp\/v2\/pages\/33\/revisions\/155"}],"wp:attachment":[{"href":"https:\/\/mjezak.ksr.zgo.pl\/index.php\/wp-json\/wp\/v2\/media?parent=33"}],"curies":[{"name":"wp","href":"https:\/\/api.w.org\/{rel}","templated":true}]}}