{"id":156,"date":"2025-03-24T11:48:36","date_gmt":"2025-03-24T11:48:36","guid":{"rendered":"https:\/\/mjezak.ksr.zgo.pl\/?page_id=156"},"modified":"2025-03-24T12:19:22","modified_gmt":"2025-03-24T12:19:22","slug":"wplaty","status":"publish","type":"page","link":"https:\/\/mjezak.ksr.zgo.pl\/index.php\/wplaty\/","title":{"rendered":"wp\u0142aty"},"content":{"rendered":"\t\t<div data-elementor-type=\"wp-page\" data-elementor-id=\"156\" class=\"elementor elementor-156\">\n\t\t\t\t<div class=\"elementor-element elementor-element-7bf72e1 e-flex e-con-boxed e-con e-parent\" data-id=\"7bf72e1\" data-element_type=\"container\">\n\t\t\t\t\t<div class=\"e-con-inner\">\n\t\t\t\t<div class=\"elementor-element elementor-element-ad10997 elementor-widget elementor-widget-text-editor\" data-id=\"ad10997\" data-element_type=\"widget\" data-widget_type=\"text-editor.default\">\n\t\t\t\t<div class=\"elementor-widget-container\">\n\t\t\t\t\t\t\t\t\t<p><strong>Dane do dokonywania wp\u0142at na rzecz Komornika S\u0105dowego Magdaleny Je\u017cak<\/strong><\/p>\t\t\t\t\t\t\t\t<\/div>\n\t\t\t\t<\/div>\n\t\t\t\t\t<\/div>\n\t\t\t\t<\/div>\n\t\t<div class=\"elementor-element elementor-element-3d51af8 e-flex e-con-boxed e-con e-parent\" data-id=\"3d51af8\" data-element_type=\"container\">\n\t\t\t\t\t<div class=\"e-con-inner\">\n\t\t<div class=\"elementor-element elementor-element-82fc347 e-con-full e-flex e-con e-child\" data-id=\"82fc347\" data-element_type=\"container\">\n\t\t\t\t<div class=\"elementor-element elementor-element-2050c8d elementor-view-default elementor-position-top elementor-mobile-position-top elementor-widget elementor-widget-icon-box\" data-id=\"2050c8d\" data-element_type=\"widget\" data-widget_type=\"icon-box.default\">\n\t\t\t\t<div class=\"elementor-widget-container\">\n\t\t\t\t\t\t\t<div class=\"elementor-icon-box-wrapper\">\n\n\t\t\t\t\t\t<div class=\"elementor-icon-box-icon\">\n\t\t\t\t<span  class=\"elementor-icon\">\n\t\t\t\t<svg xmlns=\"http:\/\/www.w3.org\/2000\/svg\" height=\"512pt\" viewBox=\"0 -83 512 512\" width=\"512pt\"><path d=\"m504.425781 0h-396.371093c-4.183594 0-7.574219 3.390625-7.574219 7.574219 0 4.183593 3.390625 7.574219 7.574219 7.574219h388.796874v209.039062h-57.5625c-4.183593 0-7.574218 3.390625-7.574218 7.574219 0 4.183593 3.390625 7.574219 7.574218 7.574219h65.136719c4.183594 0 7.574219-3.390626 7.574219-7.574219v-224.1875c0-4.183594-3.390625-7.574219-7.574219-7.574219zm0 0\"><\/path><path d=\"m411.519531 231.761719c0-4.183594-3.390625-7.574219-7.574219-7.574219h-388.796874v-209.039062h57.5625c4.183593 0 7.574218-3.390626 7.574218-7.574219 0-4.183594-3.390625-7.574219-7.574218-7.574219h-65.136719c-4.183594 0-7.574219 3.390625-7.574219 7.574219v224.1875c0 4.183593 3.390625 7.574219 7.574219 7.574219h396.371093c4.183594 0 7.574219-3.390626 7.574219-7.574219zm0 0\"><\/path><path d=\"m43.425781 79.273438c0 4.183593 3.390625 7.574218 7.570313 7.574218h410.007812c4.179688 0 7.570313-3.390625 7.570313-7.574218 0-4.183594-3.390625-7.574219-7.570313-7.574219h-410.007812c-4.179688 0-7.570313 3.390625-7.570313 7.574219zm0 0\"><\/path><path d=\"m461.003906 51.503906c4.179688 0 7.570313-3.390625 7.570313-7.574218 0-4.183594-3.390625-7.574219-7.570313-7.574219h-16.160156c-4.183594 0-7.574219 3.390625-7.574219 7.574219 0 4.183593 3.390625 7.574218 7.574219 7.574218zm0 0\"><\/path><path d=\"m420.605469 51.503906c4.183593 0 7.574219-3.390625 7.574219-7.574218 0-4.183594-3.390626-7.574219-7.574219-7.574219h-16.15625c-4.183594 0-7.574219 3.390625-7.574219 7.574219 0 4.183593 3.390625 7.574218 7.574219 7.574218zm0 0\"><\/path><path d=\"m380.214844 51.503906c4.179687 0 7.570312-3.390625 7.570312-7.574218 0-4.183594-3.390625-7.574219-7.570312-7.574219h-16.160156c-4.183594 0-7.574219 3.390625-7.574219 7.574219 0 4.183593 3.390625 7.574218 7.574219 7.574218zm0 0\"><\/path><path d=\"m339.820312 51.503906c4.183594 0 7.574219-3.390625 7.574219-7.574218 0-4.183594-3.390625-7.574219-7.574219-7.574219h-16.160156c-4.183594 0-7.574218 3.390625-7.574218 7.574219 0 4.183593 3.390624 7.574218 7.574218 7.574218zm0 0\"><\/path><path d=\"m50.996094 184.804688c-4.179688 0-7.570313 3.390624-7.570313 7.574218s3.390625 7.574219 7.570313 7.574219h36.355468c4.183594 0 7.574219-3.390625 7.574219-7.574219s-3.390625-7.574218-7.574219-7.574218zm0 0\"><\/path><path d=\"m121.6875 184.804688c-4.183594 0-7.574219 3.390624-7.574219 7.574218s3.390625 7.574219 7.574219 7.574219h36.355469c4.183593 0 7.574219-3.390625 7.574219-7.574219s-3.390626-7.574218-7.574219-7.574218zm0 0\"><\/path><path d=\"m192.378906 184.804688c-4.183594 0-7.574218 3.390624-7.574218 7.574218s3.390624 7.574219 7.574218 7.574219h36.355469c4.183594 0 7.574219-3.390625 7.574219-7.574219s-3.390625-7.574218-7.574219-7.574218zm0 0\"><\/path><path d=\"m309.523438 127.242188c4.183593 0 7.574218-3.390626 7.574218-7.574219 0-4.183594-3.390625-7.574219-7.574218-7.574219h-258.527344c-4.179688 0-7.570313 3.390625-7.570313 7.574219v32.316406c0 4.183594 3.390625 7.574219 7.570313 7.574219h258.527344c4.183593 0 7.574218-3.390625 7.574218-7.574219s-3.390625-7.574219-7.574218-7.574219h-178.242188v-17.167968zm-250.953126 0h57.5625v17.167968h-57.5625zm0 0\"><\/path><path d=\"m439.796875 199.953125h10.097656c4.183594 0 7.574219-3.390625 7.574219-7.574219s-3.390625-7.574218-7.574219-7.574218h-8.585937v-.738282c0-4.5-2.21875-8.707031-5.933594-11.25-3.71875-2.542968-8.441406-3.085937-12.640625-1.453125l-14.457031 5.621094 4.53125-18.113281c.789062-3.160156-.53125-6.472656-3.277344-8.222656-2.746094-1.753907-6.304688-1.550782-8.835938.5l-42.414062 34.332031c-3.25 2.632812-3.753906 7.402343-1.121094 10.652343 2.632813 3.25 7.398438 3.753907 10.652344 1.121094l24.851562-20.117187c-.808593 4.65625.835938 9.386719 4.421876 12.546875 3.839843 3.382812 9.1875 4.335937 13.957031 2.480468l15.121093-5.882812v.039062c-.003906 7.515626 6.113282 13.632813 13.632813 13.632813zm0 0\"><\/path><path d=\"m444.84375 287.808594h-21.140625c-1.042969-2.9375-3.839844-5.046875-7.136719-5.046875h-44.984375c-3.308593-11.644531-14.027343-20.199219-26.714843-20.199219h-72.710938c-4.179688 0-7.570312 3.390625-7.570312 7.574219 0 4.183593 3.390624 7.574219 7.570312 7.574219h72.710938c4.117187 0 7.769531 1.992187 10.074218 5.050781h-257.488281c-1.375 0-2.722656.371093-3.898437 1.078125l-40.394532 24.238281c-2.28125 1.367187-3.675781 3.832031-3.675781 6.492187 0 2.664063 1.394531 5.128907 3.675781 6.496094l40.394532 24.238282c1.179687.707031 2.523437 1.078124 3.898437 1.078124h136.960937c4.183594 0 7.574219-3.390624 7.574219-7.574218s-3.390625-7.574219-7.574219-7.574219h-134.863281l-27.773437-16.664063 27.773437-16.660156h242.792969v33.324219h-72.710938c-4.183593 0-7.574218 3.390625-7.574218 7.574219s3.390625 7.574218 7.574218 7.574218h146.933594c3.296875 0 6.09375-2.109374 7.136719-5.050781h21.140625c9.746094 0 17.671875-7.925781 17.671875-17.671875v-18.179687c0-9.742188-7.925781-17.671875-17.671875-17.671875zm-35.851562 43.425781h-21.207032v-33.324219h21.207032zm-51.5-33.324219h15.148437v33.324219h-15.148437zm89.875 25.75c0 1.390625-1.128907 2.523438-2.523438 2.523438h-20.703125v-23.226563h20.703125c1.394531 0 2.523438 1.132813 2.523438 2.527344zm0 0\"><\/path><\/svg>\t\t\t\t<\/span>\n\t\t\t<\/div>\n\t\t\t\n\t\t\t\t\t\t<div class=\"elementor-icon-box-content\">\n\n\t\t\t\t\n\t\t\t\t\t\t\t\t\t<p class=\"elementor-icon-box-description\">\n\t\t\t\t\t\tWszelkie wp\u0142aty nale\u017cy kierowa\u0107 na poni\u017csze dane:<br \/>\n\nOdbiorca:<br \/>\nKomornik S\u0105dowy przy S\u0105dzie Rejonowym w Lubinie <b>Magdalena Je\u017cak<\/b>\n<br><br \/>\nBank:<br \/>\nNazwa banku  <b>12 3456 7890 1234 5678 9012 3456<\/b> <br \/><br \/>\n\n<b>Wa\u017cne<\/b>! Tytu\u0142 Przelewu:<br \/>\nProsimy o wpisanie imienia i nazwiska d\u0142u\u017cnika oraz sygnatury sprawy.\t\t\t\t\t<\/p>\n\t\t\t\t\n\t\t\t<\/div>\n\t\t\t\n\t\t<\/div>\n\t\t\t\t\t\t<\/div>\n\t\t\t\t<\/div>\n\t\t\t\t<\/div>\n\t\t<div class=\"elementor-element elementor-element-6215c0f e-con-full e-flex e-con e-child\" data-id=\"6215c0f\" data-element_type=\"container\">\n\t\t\t\t<div class=\"elementor-element elementor-element-3cffff3 elementor-view-default elementor-position-top elementor-mobile-position-top elementor-widget elementor-widget-icon-box\" data-id=\"3cffff3\" data-element_type=\"widget\" data-widget_type=\"icon-box.default\">\n\t\t\t\t<div class=\"elementor-widget-container\">\n\t\t\t\t\t\t\t<div class=\"elementor-icon-box-wrapper\">\n\n\t\t\t\t\t\t<div class=\"elementor-icon-box-icon\">\n\t\t\t\t<span  class=\"elementor-icon\">\n\t\t\t\t<svg xmlns=\"http:\/\/www.w3.org\/2000\/svg\" id=\"Capa_1\" height=\"512\" viewBox=\"0 0 512 512\" width=\"512\"><path d=\"m318.334 248.035c-3.833 1.552-5.683 5.918-4.132 9.752 2.686 6.633 4.047 13.66 4.047 20.887 0 30.714-24.988 55.703-55.703 55.703s-55.703-24.988-55.703-55.703 24.988-55.703 55.703-55.703c12.148 0 23.692 3.841 33.382 11.106 3.308 2.481 8.004 1.81 10.485-1.499 2.481-3.31 1.81-8.003-1.5-10.485-12.302-9.225-26.953-14.1-42.367-14.1-38.973 0-70.681 31.707-70.681 70.681s31.708 70.681 70.681 70.681 70.681-31.707 70.681-70.681c0-9.162-1.73-18.081-5.141-26.508-1.552-3.832-5.916-5.683-9.752-4.131z\"><\/path><path d=\"m512 318.894c0-21.332-14.074-39.437-33.424-45.522v-94.652c0-9.225-6.804-16.87-15.653-18.234l-300.737-107.41c-3.894-1.391-8.18.638-9.572 4.534-1.391 3.895.639 8.18 4.534 9.571l211.267 75.455-293.396-55.418c-2.721-.514-5.457-.395-8.06.281l15.463-43.297c.423-1.186 1.306-1.751 1.794-1.982.49-.232 1.488-.555 2.672-.133l36.962 13.201c3.895 1.392 8.18-.638 9.572-4.534 1.391-3.895-.639-8.18-4.534-9.571l-36.962-13.201c-4.647-1.66-9.66-1.41-14.121.702-4.459 2.113-7.829 5.835-9.489 10.482l-67.239 188.263c-3.425 9.592 1.591 20.183 11.184 23.61l12.192 4.354-8.119 42.986c-1.889 10.009 4.716 19.69 14.725 21.58l15.459 2.92v55.751c0 10.186 8.287 18.473 18.473 18.473h268.811c0 .025-.002.049-.002.073 0 6.955 1.538 13.857 4.453 20.126-2.85 6.111-4.453 12.917-4.453 20.093 0 26.307 21.402 47.709 47.709 47.709s47.709-21.402 47.709-47.709c0-7.181-1.605-13.992-4.459-20.107 2.911-6.261 4.459-13.171 4.459-20.112 0-.025-.002-.049-.002-.073h30.889c10.186 0 18.473-8.287 18.473-18.473v-14.214c19.348-6.085 33.422-24.189 33.422-45.522zm-52.403-143.669c2.206 0 4.001 1.795 4.001 4.001v53.584c-14.588-1.665-28.076-8.183-38.573-18.768-10.518-10.604-16.927-24.177-18.455-38.817zm-389.978-72.742c.447-.305 1.375-.781 2.619-.547l308.715 58.311h-315.964c-2.726 0-5.307.609-7.638 1.673l10.804-57.199c.234-1.237 1.018-1.933 1.464-2.238zm-8.125 76.743c0-2.206 1.795-4.001 4.001-4.001h53.028c-1.528 14.64-7.938 28.213-18.455 38.817-10.497 10.585-23.985 17.103-38.573 18.768v-53.584zm-44.196 57.708c-1.815-.648-2.764-2.652-2.115-4.467l28.865-80.821-16.782 88.848zm16.539 68.307c-1.894-.358-3.143-2.19-2.785-4.083l15.465-81.874v88.352zm99.659 76.884c-2.425-25.52-17.113-48.69-39.558-61.674-3.582-2.071-8.161-.847-10.233 2.733-2.071 3.58-.847 8.161 2.732 10.233 17.827 10.313 29.63 28.531 31.995 48.709h-53.443c-1.927 0-3.495-1.568-3.495-3.495v-130.773c18.619-1.719 35.873-9.823 49.208-23.269 13.324-13.434 21.283-30.742 22.856-49.364h257.974c1.573 18.622 9.532 35.93 22.856 49.364 13.335 13.446 30.59 21.55 49.208 23.269v23.346c-25.986.374-47.014 21.617-47.014 47.691 0 3.843.469 7.577 1.331 11.16-7.35 6.566-13.423 14.425-17.903 23.15-5.693-2.405-11.947-3.736-18.505-3.736-21.047 0-38.943 13.706-45.262 32.657h-202.747zm280.329 20.215c-8.506-7.848-19.86-12.653-32.318-12.653-12.453 0-23.802 4.801-32.307 12.643-.271-1.701-.423-3.424-.423-5.154 0-18.048 14.683-32.73 32.73-32.73s32.73 14.683 32.73 32.73c.001 1.751-.146 3.472-.412 5.164zm-32.318 67.786c-18.048 0-32.73-14.683-32.73-32.73s14.683-32.73 32.73-32.73 32.73 14.683 32.73 32.73c.001 18.047-14.682 32.73-32.73 32.73zm78.596-88.001h-33.334c-2.731-8.191-7.623-15.396-14.001-20.943 2.946-6.028 6.814-11.576 11.463-16.43 8.389 12.953 22.875 21.596 39.367 21.833v12.045c0 1.927-1.568 3.495-3.495 3.495zm4.189-30.501c-18.048 0-32.73-14.683-32.73-32.73 0-18.048 14.683-32.73 32.73-32.73s32.729 14.683 32.729 32.73c.001 18.048-14.682 32.73-32.729 32.73z\"><\/path><\/svg>\t\t\t\t<\/span>\n\t\t\t<\/div>\n\t\t\t\n\t\t\t\t\t\t<div class=\"elementor-icon-box-content\">\n\n\t\t\t\t\n\t\t\t\t\t\t\t\t\t<p class=\"elementor-icon-box-description\">\n\t\t\t\t\t\tWp\u0142at got\u00f3wkowych mo\u017cna r\u00f3wnie\u017c dokona\u0107 osobi\u015bcie w kasie Kancelarii Komorniczej Magdaleny Je\u017cak, w godzinach urz\u0119dowania:<br \/>\n<br \/>\nponiedzia\u0142ek - czwartek  w godzinach <b>07:30 - 15:00<\/b>\n<br \/><br\/ >\nAdres Kancelarii:<br \/>\nul. Odrodzenia 33B, 59-300 Lubin\t\t\t\t\t<\/p>\n\t\t\t\t\n\t\t\t<\/div>\n\t\t\t\n\t\t<\/div>\n\t\t\t\t\t\t<\/div>\n\t\t\t\t<\/div>\n\t\t\t\t<\/div>\n\t\t\t\t\t<\/div>\n\t\t\t\t<\/div>\n\t\t\t\t<\/div>\n\t\t","protected":false},"excerpt":{"rendered":"<p>Dane do dokonywania wp\u0142at na rzecz Komornika S\u0105dowego Magdaleny Je\u017cak Wszelkie wp\u0142aty nale\u017cy kierowa\u0107 na poni\u017csze dane: Odbiorca: Komornik S\u0105dowy przy S\u0105dzie Rejonowym w Lubinie Magdalena Je\u017cak Bank: Nazwa banku 12 3456 7890 1234 5678 9012 3456 Wa\u017cne! Tytu\u0142 Przelewu: Prosimy o wpisanie imienia i nazwiska d\u0142u\u017cnika oraz sygnatury sprawy. Wp\u0142at got\u00f3wkowych mo\u017cna r\u00f3wnie\u017c dokona\u0107 osobi\u015bcie w kasie Kancelarii Komorniczej Magdaleny Je\u017cak, w godzinach urz\u0119dowania: poniedzia\u0142ek &#8211; czwartek w godzinach 07:30 &#8211; 15:00 Adres Kancelarii: ul. Odrodzenia 33B, 59-300 Lubin<\/p>\n","protected":false},"author":1,"featured_media":0,"parent":0,"menu_order":0,"comment_status":"closed","ping_status":"closed","template":"elementor_header_footer","meta":{"footnotes":""},"class_list":["post-156","page","type-page","status-publish","hentry"],"_links":{"self":[{"href":"https:\/\/mjezak.ksr.zgo.pl\/index.php\/wp-json\/wp\/v2\/pages\/156","targetHints":{"allow":["GET"]}}],"collection":[{"href":"https:\/\/mjezak.ksr.zgo.pl\/index.php\/wp-json\/wp\/v2\/pages"}],"about":[{"href":"https:\/\/mjezak.ksr.zgo.pl\/index.php\/wp-json\/wp\/v2\/types\/page"}],"author":[{"embeddable":true,"href":"https:\/\/mjezak.ksr.zgo.pl\/index.php\/wp-json\/wp\/v2\/users\/1"}],"replies":[{"embeddable":true,"href":"https:\/\/mjezak.ksr.zgo.pl\/index.php\/wp-json\/wp\/v2\/comments?post=156"}],"version-history":[{"count":4,"href":"https:\/\/mjezak.ksr.zgo.pl\/index.php\/wp-json\/wp\/v2\/pages\/156\/revisions"}],"predecessor-version":[{"id":165,"href":"https:\/\/mjezak.ksr.zgo.pl\/index.php\/wp-json\/wp\/v2\/pages\/156\/revisions\/165"}],"wp:attachment":[{"href":"https:\/\/mjezak.ksr.zgo.pl\/index.php\/wp-json\/wp\/v2\/media?parent=156"}],"curies":[{"name":"wp","href":"https:\/\/api.w.org\/{rel}","templated":true}]}}